{"id":2934,"date":"2023-09-15T18:54:53","date_gmt":"2023-09-15T18:54:53","guid":{"rendered":"https:\/\/poussieresdevie.org\/?page_id=2934"},"modified":"2023-09-15T19:23:19","modified_gmt":"2023-09-15T19:23:19","slug":"live-concert-aldebert-in-saigon-2023","status":"publish","type":"page","link":"https:\/\/poussieresdevie.org\/vi\/events\/live-concert-aldebert-in-saigon-2023\/","title":{"rendered":"Live Concert Aldebert in SaiGon 2023"},"content":{"rendered":"<div class=\"banner has-hover\" id=\"banner-869624750\">\n          <div class=\"banner-inner fill\">\n        <div class=\"banner-bg fill\" >\n            <div class=\"bg fill bg-fill\"><\/div>\n                                    \n                    <\/div><!-- bg-layers -->\n        <div class=\"banner-layers container\">\n            <div class=\"fill banner-link\"><\/div>            \n   <div id=\"text-box-533856053\" class=\"text-box banner-layer x0 md-x0 lg-x0 y10 md-y10 lg-y10 res-text\">\n                     <div data-animate=\"fadeInUp\">           <div class=\"text dark\">\n              \n              <div class=\"text-inner text-center\">\n                  \n<h1 class=\"thin-font\" style=\"text-align: left;\"><span style=\"font-size: 75%;\"><span style=\"font-size: 180%;\">Guillaume<\/span><br \/><span style=\"font-size: 250%;\">Aldebert<\/span><\/span><\/h1>\n              <\/div>\n           <\/div><!-- text-box-inner -->\n       <\/div>                     \n<style scope=\"scope\">\n\n#text-box-533856053 {\n  width: 34%;\n}\n#text-box-533856053 .text {\n  font-size: 100%;\n}\n<\/style>\n    <\/div><!-- text-box -->\n \n   <div id=\"text-box-1374199334\" class=\"text-box banner-layer x0 md-x0 lg-x0 y35 md-y35 lg-y35 res-text\">\n                     <div data-animate=\"fadeInRight\">           <div class=\"text dark\">\n              \n              <div class=\"text-inner text-center\">\n                  \n<p class=\"thin-font\" style=\"text-align: left;\">Guillaume Aldebert est n\u00e9 \u00e0 Paris le 7 juillet 1973.<\/p>\n<p class=\"thin-font\" style=\"text-align: left;\">Berc\u00e9 par les chansons de Georges Brassens dans la maison familiale, il d\u00e9couvre alors tr\u00e8s vite sa vraie passion : la musique.<\/p>\n<p class=\"thin-font\" style=\"text-align: left;\">Il passe s\u00e9rieusement \u00e0 la chanson et sort son premier album, Plateau T\u00e9l\u00e9, en 1999 dans une version 8 titres tir\u00e9e \u00e0 1 000 exemplaires puis \u00e0 2000 dans une version augment\u00e9e de 3 titres live et de 2 titres studio.<\/p>\n              <\/div>\n           <\/div><!-- text-box-inner -->\n       <\/div>                     \n<style scope=\"scope\">\n\n#text-box-1374199334 {\n  width: 36%;\n}\n#text-box-1374199334 .text {\n  font-size: 100%;\n}\n<\/style>\n    <\/div><!-- text-box -->\n \n        <\/div><!-- .banner-layers -->\n      <\/div><!-- .banner-inner -->\n\n            \n<style scope=\"scope\">\n\n#banner-869624750 {\n  padding-top: 1000px;\n}\n#banner-869624750 .bg.bg-loaded {\n  background-image: url(https:\/\/poussieresdevie.org\/wp-content\/uploads\/2023\/09\/Aldebert-1.png);\n}\n<\/style>\n  <\/div><!-- .banner -->\n\n\n\n  <div class=\"banner has-hover is-full-height\" id=\"banner-866722325\">\n          <div class=\"banner-inner fill\">\n        <div class=\"banner-bg fill\" >\n            <div class=\"bg fill bg-fill\"><\/div>\n                                    \n                    <\/div><!-- bg-layers -->\n        <div class=\"banner-layers container\">\n            <div class=\"fill banner-link\"><\/div>            \n   <div id=\"text-box-1171919405\" class=\"text-box banner-layer x95 md-x95 lg-x95 y85 md-y85 lg-y85 res-text\">\n                     <div data-animate=\"blurIn\">           <div class=\"text dark\">\n              \n              <div class=\"text-inner text-center\">\n                  \n<p style=\"text-align: right;\"><img loading=\"lazy\" class=\"alignnonewp-image-1433\" src=\"https:\/\/poussieresdevie.org\/wp-content\/uploads\/2019\/05\/1-800x40.png\" alt=\"\" width=\"99\" height=\"5\" srcset=\"https:\/\/poussieresdevie.org\/wp-content\/uploads\/2019\/05\/1-800x40.png 800w, https:\/\/poussieresdevie.org\/wp-content\/uploads\/2019\/05\/1-768x38.png 768w, https:\/\/poussieresdevie.org\/wp-content\/uploads\/2019\/05\/1-510x26.png 510w, https:\/\/poussieresdevie.org\/wp-content\/uploads\/2019\/05\/1.png 1000w\" sizes=\"(max-width: 99px) 100vw, 99px\" \/><\/p>\n<h1 style=\"text-align: right;\"><span style=\"font-weight: 400; font-size: 85%;\">Live Concert Aldebert in SaiGon<\/span><\/h1>\n<p style=\"text-align: right;\"><strong>26\/05\/2023<\/strong><\/p>\n<p style=\"text-align: right;\">\u00a0<\/p>\n<p style=\"text-align: right;\"><span style=\"font-weight: 400;\">Happy family month, French Consulate General in Ho Chi Minh City\u00a0 and Poussi\u00e8res de Vie are pleased to introduce to the audience Guillaume Aldebert singer.<\/span><\/p>\n<p style=\"text-align: right;\"><span style=\"font-weight: 400;\">Aldebert is known not only as a professional singer and performer, but also as a talented author and composer of the wine country-France music scene. The works that Aldebert brings to the public, especially his own songs, always bring a mysterious beauty but are very close to everyday life. Aldebert&#8217;s songs go deep into the audience&#8217;s subconscious from childhood to adulthood..<\/span><\/p>\n<p style=\"text-align: right;\"><img loading=\"lazy\" class=\"alignnonewp-image-1433\" src=\"https:\/\/poussieresdevie.org\/wp-content\/uploads\/2019\/05\/1-800x40.png\" alt=\"\" width=\"99\" height=\"5\" srcset=\"https:\/\/poussieresdevie.org\/wp-content\/uploads\/2019\/05\/1-800x40.png 800w, https:\/\/poussieresdevie.org\/wp-content\/uploads\/2019\/05\/1-768x38.png 768w, https:\/\/poussieresdevie.org\/wp-content\/uploads\/2019\/05\/1-510x26.png 510w, https:\/\/poussieresdevie.org\/wp-content\/uploads\/2019\/05\/1.png 1000w\" sizes=\"(max-width: 99px) 100vw, 99px\" \/><\/p>\n              <\/div>\n           <\/div><!-- text-box-inner -->\n       <\/div>                     \n<style scope=\"scope\">\n\n#text-box-1171919405 {\n  width: 41%;\n}\n#text-box-1171919405 .text {\n  font-size: 100%;\n}\n<\/style>\n    <\/div><!-- text-box -->\n \n        <\/div><!-- .banner-layers -->\n      <\/div><!-- .banner-inner -->\n\n            \n<style scope=\"scope\">\n\n#banner-866722325 {\n  padding-top: 100%;\n}\n#banner-866722325 .bg.bg-loaded {\n  background-image: url(https:\/\/poussieresdevie.org\/wp-content\/uploads\/2023\/09\/Aldebert-2.png);\n}\n<\/style>\n  <\/div><!-- .banner -->\n\n\n\n  <div class=\"banner has-hover has-parallax\" id=\"banner-1793509145\">\n          <div class=\"banner-inner fill\">\n        <div class=\"banner-bg fill\" data-parallax=\"-7\" data-parallax-container=\".banner\" data-parallax-background>\n            <div class=\"bg fill bg-fill\"><\/div>\n                                    \n                    <\/div><!-- bg-layers -->\n        <div class=\"banner-layers container\">\n            <div class=\"fill banner-link\"><\/div>            \n        <\/div><!-- .banner-layers -->\n      <\/div><!-- .banner-inner -->\n\n            \n<style scope=\"scope\">\n\n#banner-1793509145 {\n  padding-top: 400px;\n}\n#banner-1793509145 .bg.bg-loaded {\n  background-image: url(https:\/\/poussieresdevie.org\/wp-content\/uploads\/2023\/09\/Aldebert-3.png);\n}\n<\/style>\n  <\/div><!-- .banner -->\n\n\n\n  <div class=\"banner has-hover sticky-section is-full-height\" id=\"banner-1157694220\">\n          <div class=\"banner-inner fill\">\n        <div class=\"banner-bg fill\" >\n            <div class=\"bg fill bg-fill\"><\/div>\n                                    \n                    <\/div><!-- bg-layers -->\n        <div class=\"banner-layers container\">\n            <div class=\"fill banner-link\"><\/div>            \n        <\/div><!-- .banner-layers -->\n      <\/div><!-- .banner-inner -->\n\n            \n<style scope=\"scope\">\n\n#banner-1157694220 {\n  padding-top: 100%;\n}\n#banner-1157694220 .bg.bg-loaded {\n  background-image: url(https:\/\/poussieresdevie.org\/wp-content\/uploads\/2023\/09\/Aldebert-4.png);\n}\n<\/style>\n  <\/div><!-- .banner -->\n\n\n<div class=\"slider-wrapper relative\" id=\"slider-1369257007\" >\n    <div class=\"slider slider-nav-circle slider-nav-large slider-nav-light slider-style-container slider-show-nav\"\n        data-flickity-options='{            \"cellAlign\": \"center\",            \"imagesLoaded\": true,            \"lazyLoad\": 1,            \"freeScroll\": false,            \"wrapAround\": true,            \"autoPlay\": false,            \"pauseAutoPlayOnHover\" : true,            \"prevNextButtons\": true,            \"contain\" : true,            \"adaptiveHeight\" : true,            \"dragThreshold\" : 5,            \"percentPosition\": true,            \"pageDots\": true,            \"rightToLeft\": false,            \"draggable\": true,            \"selectedAttraction\": 0.1,            \"parallax\" : 0,            \"friction\": 0.6        }'\n        >\n        \n\n  <div class=\"banner has-hover\" id=\"banner-1677589110\">\n          <div class=\"banner-inner fill\">\n        <div class=\"banner-bg fill\" >\n            <div class=\"bg fill bg-fill\"><\/div>\n                                    \n                    <\/div><!-- bg-layers -->\n        <div class=\"banner-layers container\">\n            <div class=\"fill banner-link\"><\/div>            \n   <div id=\"text-box-907067546\" class=\"text-box banner-layer x50 md-x50 lg-x50 y50 md-y50 lg-y50 res-text\">\n                     <div data-animate=\"fadeInDown\">           <div class=\"text dark\">\n              \n              <div class=\"text-inner text-center\">\n                  \n<h4 class=\"uppercase thin-font\" style=\"text-align: center;\"><span style=\"color: #e3e3e3;\">A L D E B E R T<br \/>E M F A N T I L L A G E S<\/span><\/h4>\n              <\/div>\n           <\/div><!-- text-box-inner -->\n       <\/div>                     \n<style scope=\"scope\">\n\n#text-box-907067546 {\n  width: 60%;\n}\n#text-box-907067546 .text {\n  font-size: 100%;\n}\n<\/style>\n    <\/div><!-- text-box -->\n \n        <\/div><!-- .banner-layers -->\n      <\/div><!-- .banner-inner -->\n\n            \n<style scope=\"scope\">\n\n#banner-1677589110 {\n  padding-top: 400px;\n  background-color: rgb(0,0,0);\n}\n<\/style>\n  <\/div><!-- .banner -->\n\n\n\t<div class=\"img has-hover x md-x lg-x y md-y lg-y\" id=\"image_1052504185\">\n\t\t\t\t\t\t\t\t<div class=\"img-inner dark\" >\n\t\t\t<img width=\"1020\" height=\"381\" src=\"https:\/\/poussieresdevie.org\/wp-content\/uploads\/2023\/09\/Aldebert-5.png\" class=\"attachment-large size-large\" alt=\"\" loading=\"lazy\" srcset=\"https:\/\/poussieresdevie.org\/wp-content\/uploads\/2023\/09\/Aldebert-5.png 1340w, https:\/\/poussieresdevie.org\/wp-content\/uploads\/2023\/09\/Aldebert-5-800x299.png 800w, https:\/\/poussieresdevie.org\/wp-content\/uploads\/2023\/09\/Aldebert-5-768x287.png 768w, https:\/\/poussieresdevie.org\/wp-content\/uploads\/2023\/09\/Aldebert-5-18x7.png 18w\" sizes=\"(max-width: 1020px) 100vw, 1020px\" \/>\t\t\t\t\t\t\n\t\t\t\t\t<\/div>\n\t\t\t\t\t\t\t\t\n<style scope=\"scope\">\n\n#image_1052504185 {\n  width: 100%;\n}\n<\/style>\n\t<\/div>\n\t\n\t<div class=\"img has-hover x md-x lg-x y md-y lg-y\" id=\"image_1846848376\">\n\t\t\t\t\t\t\t\t<div class=\"img-inner dark\" >\n\t\t\t<img width=\"1020\" height=\"381\" src=\"https:\/\/poussieresdevie.org\/wp-content\/uploads\/2023\/09\/Aldebert-6.png\" class=\"attachment-large size-large\" alt=\"\" loading=\"lazy\" srcset=\"https:\/\/poussieresdevie.org\/wp-content\/uploads\/2023\/09\/Aldebert-6.png 1340w, https:\/\/poussieresdevie.org\/wp-content\/uploads\/2023\/09\/Aldebert-6-800x299.png 800w, https:\/\/poussieresdevie.org\/wp-content\/uploads\/2023\/09\/Aldebert-6-768x287.png 768w, https:\/\/poussieresdevie.org\/wp-content\/uploads\/2023\/09\/Aldebert-6-18x7.png 18w\" sizes=\"(max-width: 1020px) 100vw, 1020px\" \/>\t\t\t\t\t\t\n\t\t\t\t\t<\/div>\n\t\t\t\t\t\t\t\t\n<style scope=\"scope\">\n\n#image_1846848376 {\n  width: 100%;\n}\n<\/style>\n\t<\/div>\n\t\n\t<div class=\"img has-hover x md-x lg-x y md-y lg-y\" id=\"image_450535100\">\n\t\t\t\t\t\t\t\t<div class=\"img-inner dark\" >\n\t\t\t<img width=\"1020\" height=\"381\" src=\"https:\/\/poussieresdevie.org\/wp-content\/uploads\/2023\/09\/Aldebert-10.png\" class=\"attachment-large size-large\" alt=\"\" loading=\"lazy\" srcset=\"https:\/\/poussieresdevie.org\/wp-content\/uploads\/2023\/09\/Aldebert-10.png 1340w, https:\/\/poussieresdevie.org\/wp-content\/uploads\/2023\/09\/Aldebert-10-800x299.png 800w, https:\/\/poussieresdevie.org\/wp-content\/uploads\/2023\/09\/Aldebert-10-768x287.png 768w, https:\/\/poussieresdevie.org\/wp-content\/uploads\/2023\/09\/Aldebert-10-18x7.png 18w\" sizes=\"(max-width: 1020px) 100vw, 1020px\" \/>\t\t\t\t\t\t\n\t\t\t\t\t<\/div>\n\t\t\t\t\t\t\t\t\n<style scope=\"scope\">\n\n#image_450535100 {\n  width: 100%;\n}\n<\/style>\n\t<\/div>\n\t\n\t<div class=\"img has-hover x md-x lg-x y md-y lg-y\" id=\"image_1305966004\">\n\t\t\t\t\t\t\t\t<div class=\"img-inner dark\" >\n\t\t\t<img width=\"1020\" height=\"381\" src=\"https:\/\/poussieresdevie.org\/wp-content\/uploads\/2023\/09\/Aldebert-8.png\" class=\"attachment-large size-large\" alt=\"\" loading=\"lazy\" srcset=\"https:\/\/poussieresdevie.org\/wp-content\/uploads\/2023\/09\/Aldebert-8.png 1340w, https:\/\/poussieresdevie.org\/wp-content\/uploads\/2023\/09\/Aldebert-8-800x299.png 800w, https:\/\/poussieresdevie.org\/wp-content\/uploads\/2023\/09\/Aldebert-8-768x287.png 768w, https:\/\/poussieresdevie.org\/wp-content\/uploads\/2023\/09\/Aldebert-8-18x7.png 18w\" sizes=\"(max-width: 1020px) 100vw, 1020px\" \/>\t\t\t\t\t\t\n\t\t\t\t\t<\/div>\n\t\t\t\t\t\t\t\t\n<style scope=\"scope\">\n\n#image_1305966004 {\n  width: 100%;\n}\n<\/style>\n\t<\/div>\n\t\n\t<div class=\"img has-hover x md-x lg-x y md-y lg-y\" id=\"image_2103816487\">\n\t\t\t\t\t\t\t\t<div class=\"img-inner dark\" >\n\t\t\t<img width=\"1020\" height=\"381\" src=\"https:\/\/poussieresdevie.org\/wp-content\/uploads\/2023\/09\/Aldebert-11.png\" class=\"attachment-large size-large\" alt=\"\" loading=\"lazy\" srcset=\"https:\/\/poussieresdevie.org\/wp-content\/uploads\/2023\/09\/Aldebert-11.png 1340w, https:\/\/poussieresdevie.org\/wp-content\/uploads\/2023\/09\/Aldebert-11-800x299.png 800w, https:\/\/poussieresdevie.org\/wp-content\/uploads\/2023\/09\/Aldebert-11-768x287.png 768w, https:\/\/poussieresdevie.org\/wp-content\/uploads\/2023\/09\/Aldebert-11-18x7.png 18w\" sizes=\"(max-width: 1020px) 100vw, 1020px\" \/>\t\t\t\t\t\t\n\t\t\t\t\t<\/div>\n\t\t\t\t\t\t\t\t\n<style scope=\"scope\">\n\n#image_2103816487 {\n  width: 100%;\n}\n<\/style>\n\t<\/div>\n\t\n\t<div class=\"img has-hover x md-x lg-x y md-y lg-y\" id=\"image_442856139\">\n\t\t\t\t\t\t\t\t<div class=\"img-inner dark\" >\n\t\t\t<img width=\"1020\" height=\"381\" src=\"https:\/\/poussieresdevie.org\/wp-content\/uploads\/2023\/09\/Aldebert-9.png\" class=\"attachment-large size-large\" alt=\"\" loading=\"lazy\" srcset=\"https:\/\/poussieresdevie.org\/wp-content\/uploads\/2023\/09\/Aldebert-9.png 1340w, https:\/\/poussieresdevie.org\/wp-content\/uploads\/2023\/09\/Aldebert-9-800x299.png 800w, https:\/\/poussieresdevie.org\/wp-content\/uploads\/2023\/09\/Aldebert-9-768x287.png 768w, https:\/\/poussieresdevie.org\/wp-content\/uploads\/2023\/09\/Aldebert-9-18x7.png 18w\" sizes=\"(max-width: 1020px) 100vw, 1020px\" \/>\t\t\t\t\t\t\n\t\t\t\t\t<\/div>\n\t\t\t\t\t\t\t\t\n<style scope=\"scope\">\n\n#image_442856139 {\n  width: 100%;\n}\n<\/style>\n\t<\/div>\n\t\n\t<div class=\"img has-hover x md-x lg-x y md-y lg-y\" id=\"image_1416282103\">\n\t\t\t\t\t\t\t\t<div class=\"img-inner dark\" >\n\t\t\t<img width=\"1020\" height=\"381\" src=\"https:\/\/poussieresdevie.org\/wp-content\/uploads\/2023\/09\/Aldebert-7.png\" class=\"attachment-large size-large\" alt=\"\" loading=\"lazy\" srcset=\"https:\/\/poussieresdevie.org\/wp-content\/uploads\/2023\/09\/Aldebert-7.png 1340w, https:\/\/poussieresdevie.org\/wp-content\/uploads\/2023\/09\/Aldebert-7-800x299.png 800w, https:\/\/poussieresdevie.org\/wp-content\/uploads\/2023\/09\/Aldebert-7-768x287.png 768w, https:\/\/poussieresdevie.org\/wp-content\/uploads\/2023\/09\/Aldebert-7-18x7.png 18w\" sizes=\"(max-width: 1020px) 100vw, 1020px\" \/>\t\t\t\t\t\t\n\t\t\t\t\t<\/div>\n\t\t\t\t\t\t\t\t\n<style scope=\"scope\">\n\n#image_1416282103 {\n  width: 100%;\n}\n<\/style>\n\t<\/div>\n\t\n     <\/div>\n\n     <div class=\"loading-spin dark large centered\"><\/div>\n\n     <style scope=\"scope\">\n             <\/style>\n<\/div><!-- .ux-slider-wrapper -->\n\n\n<p>\u00a0<\/p>\n<p>\u00a0<\/p>\n<p>\u00a0<\/p>\n<p>\u00a0<\/p>\n<p>\u00a0<\/p>\n<p>\u00a0<\/p>","protected":false},"excerpt":{"rendered":"<p>\u00a0 \u00a0 \u00a0 \u00a0 \u00a0 \u00a0<\/p>","protected":false},"author":1,"featured_media":0,"parent":1536,"menu_order":0,"comment_status":"closed","ping_status":"closed","template":"page-blank.php","meta":[],"_links":{"self":[{"href":"https:\/\/poussieresdevie.org\/vi\/wp-json\/wp\/v2\/pages\/2934"}],"collection":[{"href":"https:\/\/poussieresdevie.org\/vi\/wp-json\/wp\/v2\/pages"}],"about":[{"href":"https:\/\/poussieresdevie.org\/vi\/wp-json\/wp\/v2\/types\/page"}],"author":[{"embeddable":true,"href":"https:\/\/poussieresdevie.org\/vi\/wp-json\/wp\/v2\/users\/1"}],"replies":[{"embeddable":true,"href":"https:\/\/poussieresdevie.org\/vi\/wp-json\/wp\/v2\/comments?post=2934"}],"version-history":[{"count":3,"href":"https:\/\/poussieresdevie.org\/vi\/wp-json\/wp\/v2\/pages\/2934\/revisions"}],"predecessor-version":[{"id":2948,"href":"https:\/\/poussieresdevie.org\/vi\/wp-json\/wp\/v2\/pages\/2934\/revisions\/2948"}],"up":[{"embeddable":true,"href":"https:\/\/poussieresdevie.org\/vi\/wp-json\/wp\/v2\/pages\/1536"}],"wp:attachment":[{"href":"https:\/\/poussieresdevie.org\/vi\/wp-json\/wp\/v2\/media?parent=2934"}],"curies":[{"name":"wp","href":"https:\/\/api.w.org\/{rel}","templated":true}]}}